{"id":12952,"date":"2025-02-07T23:11:26","date_gmt":"2025-02-07T22:11:26","guid":{"rendered":"https:\/\/gearmania.ma\/?post_type=product&#038;p=12952"},"modified":"2025-05-05T00:29:12","modified_gmt":"2025-05-04T22:29:12","slug":"cable-hdmi-a-fibre-optique-40-m4k-a-60-hz","status":"publish","type":"product","link":"https:\/\/gearmania.ma\/?product=cable-hdmi-a-fibre-optique-40-m4k-a-60-hz","title":{"rendered":"C\u00e2ble HDMI \u00e0 fibre optique 40 m4k \u00e0 60 Hz"},"content":{"rendered":"","protected":false},"excerpt":{"rendered":"","protected":false},"featured_media":12953,"template":"","meta":[],"product_cat":[15,268,225,226],"product_tag":[342],"class_list":{"0":"post-12952","1":"product","2":"type-product","3":"status-publish","4":"has-post-thumbnail","6":"product_cat-uncategorized","7":"product_cat-accessories","8":"product_cat-image-son","9":"product_cat-reseaux-wi-fi","10":"product_tag-logitech","11":"brand-logitech","12":"product-column","14":"first","15":"instock","16":"taxable","17":"shipping-taxable","18":"purchasable","19":"product-type-simple"},"_links":{"self":[{"href":"https:\/\/gearmania.ma\/index.php?rest_route=\/wp\/v2\/product\/12952","targetHints":{"allow":["GET"]}}],"collection":[{"href":"https:\/\/gearmania.ma\/index.php?rest_route=\/wp\/v2\/product"}],"about":[{"href":"https:\/\/gearmania.ma\/index.php?rest_route=\/wp\/v2\/types\/product"}],"wp:featuredmedia":[{"embeddable":true,"href":"https:\/\/gearmania.ma\/index.php?rest_route=\/wp\/v2\/media\/12953"}],"wp:attachment":[{"href":"https:\/\/gearmania.ma\/index.php?rest_route=%2Fwp%2Fv2%2Fmedia&parent=12952"}],"wp:term":[{"taxonomy":"product_cat","embeddable":true,"href":"https:\/\/gearmania.ma\/index.php?rest_route=%2Fwp%2Fv2%2Fproduct_cat&post=12952"},{"taxonomy":"product_tag","embeddable":true,"href":"https:\/\/gearmania.ma\/index.php?rest_route=%2Fwp%2Fv2%2Fproduct_tag&post=12952"}],"curies":[{"name":"wp","href":"https:\/\/api.w.org\/{rel}","templated":true}]}}