{"id":12875,"date":"2024-12-16T11:58:30","date_gmt":"2024-12-16T10:58:30","guid":{"rendered":"https:\/\/gearmania.ma\/?post_type=product&#038;p=12875"},"modified":"2025-05-05T00:29:13","modified_gmt":"2025-05-04T22:29:13","slug":"hp-bluetooth-mouse-z5000","status":"publish","type":"product","link":"https:\/\/gearmania.ma\/?product=hp-bluetooth-mouse-z5000","title":{"rendered":"HP Bluetooth Mouse Z5000"},"content":{"rendered":"","protected":false},"excerpt":{"rendered":"<p>La souris hp Z5000 se connecte directement \u00e0 votre ordinateur sans aucune cl\u00e9 USB n\u00e9cessaire. Avec\u00a0un\u00a0Indicateur de pile \u00e0 \u00e9clairage LED,\u00a0Trois boutons standard et molette de d\u00e9filement &#8211; compatible avec\u00a0Microsoft Windows XP\/Vista\/7\/8 Mac OSX,\u00a0Android.<\/p>\n","protected":false},"featured_media":12876,"template":"","meta":[],"product_cat":[268,291],"product_tag":[342],"class_list":{"0":"post-12875","1":"product","2":"type-product","3":"status-publish","4":"has-post-thumbnail","6":"product_cat-accessories","7":"product_cat-nouveaute","8":"product_tag-logitech","9":"brand-hp","10":"brand-logitech","11":"product-column","13":"first","14":"instock","15":"taxable","16":"shipping-taxable","17":"purchasable","18":"product-type-simple"},"_links":{"self":[{"href":"https:\/\/gearmania.ma\/index.php?rest_route=\/wp\/v2\/product\/12875","targetHints":{"allow":["GET"]}}],"collection":[{"href":"https:\/\/gearmania.ma\/index.php?rest_route=\/wp\/v2\/product"}],"about":[{"href":"https:\/\/gearmania.ma\/index.php?rest_route=\/wp\/v2\/types\/product"}],"wp:featuredmedia":[{"embeddable":true,"href":"https:\/\/gearmania.ma\/index.php?rest_route=\/wp\/v2\/media\/12876"}],"wp:attachment":[{"href":"https:\/\/gearmania.ma\/index.php?rest_route=%2Fwp%2Fv2%2Fmedia&parent=12875"}],"wp:term":[{"taxonomy":"product_cat","embeddable":true,"href":"https:\/\/gearmania.ma\/index.php?rest_route=%2Fwp%2Fv2%2Fproduct_cat&post=12875"},{"taxonomy":"product_tag","embeddable":true,"href":"https:\/\/gearmania.ma\/index.php?rest_route=%2Fwp%2Fv2%2Fproduct_tag&post=12875"}],"curies":[{"name":"wp","href":"https:\/\/api.w.org\/{rel}","templated":true}]}}