{"id":12856,"date":"2024-12-16T11:03:52","date_gmt":"2024-12-16T10:03:52","guid":{"rendered":"https:\/\/gearmania.ma\/?post_type=product&#038;p=12856"},"modified":"2025-05-05T00:29:13","modified_gmt":"2025-05-04T22:29:13","slug":"epson-eb-x49-videoprojecteur-xga-1024-x-768","status":"publish","type":"product","link":"https:\/\/gearmania.ma\/?product=epson-eb-x49-videoprojecteur-xga-1024-x-768","title":{"rendered":"Epson EB-X49 Vid\u00e9oprojecteur XGA (1024 x 768)"},"content":{"rendered":"","protected":false},"excerpt":{"rendered":"<p>R\u00e9solution: XGA, 1024 x 768, 4:3<br \/>\nLuminosit\u00e9: 3.600 lumen- 2.400 lumen (\u00e9conomie)<br \/>\nRapport de contraste: 16.000 : 1<br \/>\nUHE, 210 W, 6.000 h Long\u00e9vit\u00e9, 12.000 h Long\u00e9vit\u00e9 (en mode \u00e9conomique)<br \/>\nRapport de projection: 1,48 \u2013 1,77:1<br \/>\nTaille de l\u2019image: 30 pouces \u2013 300 pouces<br \/>\nSyst\u00e8me de projection: Technologie 3LCD, Obturateur RVB \u00e0 cristaux liquides<br \/>\nConnexions: USB 2.0 type B, RS-232C, Interface Ethernet (100 Base-TX\/10 Base-T), R\u00e9seau local sans fil a\/n (5 GHz) (en option), Entr\u00e9e VGA (2x), Sortie VGA, Entr\u00e9e HDMI, Entr\u00e9e composite, Sortie audio mini-jack, Entr\u00e9e audio mini-jack (2x), Entr\u00e9e RCA, USB 2.0 type A<\/p>\n","protected":false},"featured_media":12858,"template":"","meta":[],"product_cat":[15,268,292,225,291],"product_tag":[342],"class_list":{"0":"post-12856","1":"product","2":"type-product","3":"status-publish","4":"has-post-thumbnail","6":"product_cat-uncategorized","7":"product_cat-accessories","8":"product_cat-en-vedette","9":"product_cat-image-son","10":"product_cat-nouveaute","11":"product_tag-logitech","12":"brand-epson","13":"brand-logitech","14":"product-column","16":"first","17":"instock","18":"sale","19":"sold-individually","20":"taxable","21":"shipping-taxable","22":"purchasable","23":"product-type-simple"},"_links":{"self":[{"href":"https:\/\/gearmania.ma\/index.php?rest_route=\/wp\/v2\/product\/12856","targetHints":{"allow":["GET"]}}],"collection":[{"href":"https:\/\/gearmania.ma\/index.php?rest_route=\/wp\/v2\/product"}],"about":[{"href":"https:\/\/gearmania.ma\/index.php?rest_route=\/wp\/v2\/types\/product"}],"wp:featuredmedia":[{"embeddable":true,"href":"https:\/\/gearmania.ma\/index.php?rest_route=\/wp\/v2\/media\/12858"}],"wp:attachment":[{"href":"https:\/\/gearmania.ma\/index.php?rest_route=%2Fwp%2Fv2%2Fmedia&parent=12856"}],"wp:term":[{"taxonomy":"product_cat","embeddable":true,"href":"https:\/\/gearmania.ma\/index.php?rest_route=%2Fwp%2Fv2%2Fproduct_cat&post=12856"},{"taxonomy":"product_tag","embeddable":true,"href":"https:\/\/gearmania.ma\/index.php?rest_route=%2Fwp%2Fv2%2Fproduct_tag&post=12856"}],"curies":[{"name":"wp","href":"https:\/\/api.w.org\/{rel}","templated":true}]}}