{"id":12824,"date":"2024-12-06T10:46:28","date_gmt":"2024-12-06T09:46:28","guid":{"rendered":"https:\/\/gearmania.ma\/?post_type=product&#038;p=12824"},"modified":"2025-05-05T00:29:13","modified_gmt":"2025-05-04T22:29:13","slug":"switch-de-bureau-tp-link-tl-sg1024d-24-ports-gigabit","status":"publish","type":"product","link":"https:\/\/gearmania.ma\/?product=switch-de-bureau-tp-link-tl-sg1024d-24-ports-gigabit","title":{"rendered":"Switch de bureau TP-Link TL-SG1024D 24 ports Gigabit"},"content":{"rendered":"","protected":false},"excerpt":{"rendered":"<ul>\n<li>Non-g\u00e9r\u00e9<\/li>\n<li>Quantit\u00e9 de ports Ethernet RJ-45 de commutation de base: 24<\/li>\n<li>Cat3, Cat4, Cat5, Cat5e<\/li>\n<li>R\u00e9pertoire MAC: 8000 entr\u00e9es Capacit\u00e9 de commutation: 48 Gbit\/s<\/li>\n<li>Grille de montage Empilable<\/li>\n<li>Bloc d&#8217;alimentation inclus<\/li>\n<\/ul>\n","protected":false},"featured_media":12827,"template":"","meta":[],"product_cat":[268,291,226],"product_tag":[342],"class_list":{"0":"post-12824","1":"product","2":"type-product","3":"status-publish","4":"has-post-thumbnail","6":"product_cat-accessories","7":"product_cat-nouveaute","8":"product_cat-reseaux-wi-fi","9":"product_tag-logitech","10":"brand-logitech","11":"brand-tp-link","12":"product-column","14":"first","15":"instock","16":"taxable","17":"shipping-taxable","18":"purchasable","19":"product-type-simple"},"_links":{"self":[{"href":"https:\/\/gearmania.ma\/index.php?rest_route=\/wp\/v2\/product\/12824","targetHints":{"allow":["GET"]}}],"collection":[{"href":"https:\/\/gearmania.ma\/index.php?rest_route=\/wp\/v2\/product"}],"about":[{"href":"https:\/\/gearmania.ma\/index.php?rest_route=\/wp\/v2\/types\/product"}],"wp:featuredmedia":[{"embeddable":true,"href":"https:\/\/gearmania.ma\/index.php?rest_route=\/wp\/v2\/media\/12827"}],"wp:attachment":[{"href":"https:\/\/gearmania.ma\/index.php?rest_route=%2Fwp%2Fv2%2Fmedia&parent=12824"}],"wp:term":[{"taxonomy":"product_cat","embeddable":true,"href":"https:\/\/gearmania.ma\/index.php?rest_route=%2Fwp%2Fv2%2Fproduct_cat&post=12824"},{"taxonomy":"product_tag","embeddable":true,"href":"https:\/\/gearmania.ma\/index.php?rest_route=%2Fwp%2Fv2%2Fproduct_tag&post=12824"}],"curies":[{"name":"wp","href":"https:\/\/api.w.org\/{rel}","templated":true}]}}