{"id":12788,"date":"2024-12-04T09:25:39","date_gmt":"2024-12-04T08:25:39","guid":{"rendered":"https:\/\/gearmania.ma\/?post_type=product&#038;p=12788"},"modified":"2025-05-05T00:29:14","modified_gmt":"2025-05-04T22:29:14","slug":"logitech-g-g435-noir","status":"publish","type":"product","link":"https:\/\/gearmania.ma\/?product=logitech-g-g435-noir","title":{"rendered":"Logitech G435 (Noir)"},"content":{"rendered":"<h2>CARACT\u00c9RISTIQUES PRINCIPALES :<\/h2>\n<ul>\n<li><strong>Micro-casque sans fil pour gamer<\/strong><\/li>\n<li><strong>Technologie sans fil Lightspeed et Bluetooth<\/strong><\/li>\n<li><strong>Transducteurs 40 mm<\/strong>\u00a0pour une restitution sonore compl\u00e8te<\/li>\n<li>Oreillettes souples \u00e0 m\u00e9moire de forme<\/li>\n<li>Confortable m\u00eame apr\u00e8s de longues heures<\/li>\n<li>Deux microphones dot\u00e9s de la technologie Beamforming afin de r\u00e9duire les bruits de fond<\/li>\n<li><strong>Autonomie jusqu\u2019\u00e0 18 heures<\/strong><\/li>\n<li>Compatible PC, PlayStation 4, PlayStation 5, Nintendo Switch et mobiles<\/li>\n<li>Poids : 165 g<\/li>\n<li>Certifi\u00e9 CarbonNeutral et compos\u00e9 d\u2019au minimum 22% de plastique recycl\u00e9<\/li>\n<\/ul>\n","protected":false},"excerpt":{"rendered":"<p>CARACT\u00c9RISTIQUES PRINCIPALES : Micro-casque sans fil pour gamer Technologie sans fil Lightspeed et Bluetooth Transducteurs 40 mm\u00a0pour une restitution sonore compl\u00e8te Oreillettes souples \u00e0 m\u00e9moire de forme Confortable m\u00eame apr\u00e8s de longues heures Deux microphones dot\u00e9s de la technologie Beamforming afin de r\u00e9duire les bruits de fond Autonomie jusqu\u2019\u00e0 18 heures Compatible PC, PlayStation 4,<a href=\"https:\/\/gearmania.ma\/?product=logitech-g-g435-noir\" class=\"more-link\">Read More<\/a><\/p>\n","protected":false},"featured_media":12792,"template":"","meta":[],"product_cat":[268,227,291],"product_tag":[342],"class_list":{"0":"post-12788","1":"product","2":"type-product","3":"status-publish","4":"has-post-thumbnail","6":"product_cat-accessories","7":"product_cat-coin-gaming","8":"product_cat-nouveaute","9":"product_tag-logitech","10":"brand-logitech","11":"product-column","13":"first","14":"instock","15":"taxable","16":"shipping-taxable","17":"purchasable","18":"product-type-simple"},"_links":{"self":[{"href":"https:\/\/gearmania.ma\/index.php?rest_route=\/wp\/v2\/product\/12788","targetHints":{"allow":["GET"]}}],"collection":[{"href":"https:\/\/gearmania.ma\/index.php?rest_route=\/wp\/v2\/product"}],"about":[{"href":"https:\/\/gearmania.ma\/index.php?rest_route=\/wp\/v2\/types\/product"}],"wp:featuredmedia":[{"embeddable":true,"href":"https:\/\/gearmania.ma\/index.php?rest_route=\/wp\/v2\/media\/12792"}],"wp:attachment":[{"href":"https:\/\/gearmania.ma\/index.php?rest_route=%2Fwp%2Fv2%2Fmedia&parent=12788"}],"wp:term":[{"taxonomy":"product_cat","embeddable":true,"href":"https:\/\/gearmania.ma\/index.php?rest_route=%2Fwp%2Fv2%2Fproduct_cat&post=12788"},{"taxonomy":"product_tag","embeddable":true,"href":"https:\/\/gearmania.ma\/index.php?rest_route=%2Fwp%2Fv2%2Fproduct_tag&post=12788"}],"curies":[{"name":"wp","href":"https:\/\/api.w.org\/{rel}","templated":true}]}}