{"id":12780,"date":"2024-12-04T09:14:00","date_gmt":"2024-12-04T08:14:00","guid":{"rendered":"https:\/\/gearmania.ma\/?post_type=product&#038;p=12780"},"modified":"2025-05-05T00:29:14","modified_gmt":"2025-05-04T22:29:14","slug":"logitech-g502-hero","status":"publish","type":"product","link":"https:\/\/gearmania.ma\/?product=logitech-g502-hero","title":{"rendered":"Logitech G502 Hero"},"content":{"rendered":"","protected":false},"excerpt":{"rendered":"<ul>\n<li><strong>Un capteur optique HERO 16 000 dpi<\/strong><\/li>\n<li>R\u00e9solution de\u00a0<strong>100 \u00e0 16 000 dpi<\/strong><\/li>\n<li>Sans lissage\/acc\u00e9l\u00e9ration\/filtrage<\/li>\n<li>Acc\u00e9l\u00e9ration max :\u00a0<strong>40 G<\/strong><\/li>\n<li>Vitesse max :\u00a0<strong>400 ips<\/strong><\/li>\n<li><strong>11 boutons programmables<\/strong>\u00a0avec changement de sensibilit\u00e9 \u00e0 la vol\u00e9e<\/li>\n<li><strong>R\u00e9tro-\u00e9clairage RGB programmable<\/strong>\u00a0(16.8 millions de couleurs)<\/li>\n<li>Poids ajustable : 5 poids de 3.6 g<\/li>\n<li>Conception des touches am\u00e9lior\u00e9e pour des clics plus confortables et plus performants<\/li>\n<li>R\u00e9sistance des patins : 250 kilom\u00e8tres<\/li>\n<li>Jusqu\u2019\u00e0 5 profils int\u00e9gr\u00e9s<\/li>\n<li><strong>C\u00e2ble standard en caoutchouc<\/strong><\/li>\n<li>Compatible Windows et Mac<\/li>\n<\/ul>\n","protected":false},"featured_media":12783,"template":"","meta":[],"product_cat":[268,227,291],"product_tag":[342],"class_list":{"0":"post-12780","1":"product","2":"type-product","3":"status-publish","4":"has-post-thumbnail","6":"product_cat-accessories","7":"product_cat-coin-gaming","8":"product_cat-nouveaute","9":"product_tag-logitech","10":"brand-logitech","11":"product-column","13":"first","14":"instock","15":"taxable","16":"shipping-taxable","17":"purchasable","18":"product-type-simple"},"_links":{"self":[{"href":"https:\/\/gearmania.ma\/index.php?rest_route=\/wp\/v2\/product\/12780","targetHints":{"allow":["GET"]}}],"collection":[{"href":"https:\/\/gearmania.ma\/index.php?rest_route=\/wp\/v2\/product"}],"about":[{"href":"https:\/\/gearmania.ma\/index.php?rest_route=\/wp\/v2\/types\/product"}],"wp:featuredmedia":[{"embeddable":true,"href":"https:\/\/gearmania.ma\/index.php?rest_route=\/wp\/v2\/media\/12783"}],"wp:attachment":[{"href":"https:\/\/gearmania.ma\/index.php?rest_route=%2Fwp%2Fv2%2Fmedia&parent=12780"}],"wp:term":[{"taxonomy":"product_cat","embeddable":true,"href":"https:\/\/gearmania.ma\/index.php?rest_route=%2Fwp%2Fv2%2Fproduct_cat&post=12780"},{"taxonomy":"product_tag","embeddable":true,"href":"https:\/\/gearmania.ma\/index.php?rest_route=%2Fwp%2Fv2%2Fproduct_tag&post=12780"}],"curies":[{"name":"wp","href":"https:\/\/api.w.org\/{rel}","templated":true}]}}