{"id":12729,"date":"2024-12-01T20:12:23","date_gmt":"2024-12-01T19:12:23","guid":{"rendered":"https:\/\/gearmania.ma\/?post_type=product&#038;p=12729"},"modified":"2025-05-05T00:29:14","modified_gmt":"2025-05-04T22:29:14","slug":"support-pour-video-projecteur","status":"publish","type":"product","link":"https:\/\/gearmania.ma\/?product=support-pour-video-projecteur","title":{"rendered":"Support pour video projecteur"},"content":{"rendered":"","protected":false},"excerpt":{"rendered":"<p>Le support de plafond pour projecteur est parfaitement adapt\u00e9 \u00e0 une utilisation avec tous les types de LCD \/ DLP \/ projecteur avec possibilit\u00e9 de r\u00e9glage de la hauteur disponible en diff\u00e9rentes tailles.<\/p>\n","protected":false},"featured_media":12731,"template":"","meta":[],"product_cat":[268,292,225,291],"product_tag":[342],"class_list":{"0":"post-12729","1":"product","2":"type-product","3":"status-publish","4":"has-post-thumbnail","6":"product_cat-accessories","7":"product_cat-en-vedette","8":"product_cat-image-son","9":"product_cat-nouveaute","10":"product_tag-logitech","11":"brand-logitech","12":"product-column","14":"first","15":"instock","16":"taxable","17":"shipping-taxable","18":"purchasable","19":"product-type-simple"},"_links":{"self":[{"href":"https:\/\/gearmania.ma\/index.php?rest_route=\/wp\/v2\/product\/12729","targetHints":{"allow":["GET"]}}],"collection":[{"href":"https:\/\/gearmania.ma\/index.php?rest_route=\/wp\/v2\/product"}],"about":[{"href":"https:\/\/gearmania.ma\/index.php?rest_route=\/wp\/v2\/types\/product"}],"wp:featuredmedia":[{"embeddable":true,"href":"https:\/\/gearmania.ma\/index.php?rest_route=\/wp\/v2\/media\/12731"}],"wp:attachment":[{"href":"https:\/\/gearmania.ma\/index.php?rest_route=%2Fwp%2Fv2%2Fmedia&parent=12729"}],"wp:term":[{"taxonomy":"product_cat","embeddable":true,"href":"https:\/\/gearmania.ma\/index.php?rest_route=%2Fwp%2Fv2%2Fproduct_cat&post=12729"},{"taxonomy":"product_tag","embeddable":true,"href":"https:\/\/gearmania.ma\/index.php?rest_route=%2Fwp%2Fv2%2Fproduct_tag&post=12729"}],"curies":[{"name":"wp","href":"https:\/\/api.w.org\/{rel}","templated":true}]}}