{"id":23,"date":"2016-12-02T03:50:10","date_gmt":"2016-12-02T03:50:10","guid":{"rendered":"http:\/\/demo.themepiko.com\/stock\/default\/?page_id=2003"},"modified":"2024-11-19T14:14:01","modified_gmt":"2024-11-19T13:14:01","slug":"home","status":"publish","type":"page","link":"https:\/\/gearmania.ma\/","title":{"rendered":"Accueil"},"content":{"rendered":"<section class=\"wpb-content-wrapper\"><p>[vc_row el_class=&#8221;remove-header-padding&#8221; css=&#8221;.vc_custom_1686062862095{margin-bottom: 50px !important;}&#8221;][vc_column]\n\t\t\t<!-- START home REVOLUTION SLIDER 6.6.14 --><p class=\"rs-p-wp-fix\"><\/p>\n\t\t\t<rs-module-wrap id=\"rev_slider_15_1_wrapper\" data-source=\"gallery\" style=\"visibility:hidden;background:transparent;padding:0;margin:0px auto;margin-top:0;margin-bottom:0;\">\n\t\t\t\t<rs-module id=\"rev_slider_15_1\" style=\"\" data-version=\"6.6.14\">\n\t\t\t\t\t<rs-slides style=\"overflow: hidden; position: absolute;\">\n\t\t\t\t\t\t<rs-slide style=\"position: absolute;\" data-key=\"rs-43\" data-title=\"Slide\" data-thumb=\"\/\/gearmania.ma\/wp-content\/uploads\/2017\/09\/bg-100x50.jpg\" data-in=\"o:0;\" data-out=\"a:false;\">\n\t\t\t\t\t\t\t<img decoding=\"async\" src=\"\/\/gearmania.ma\/wp-content\/plugins\/revslider\/public\/assets\/assets\/dummy.png\" alt=\"\" title=\"Accueil\" class=\"rev-slidebg tp-rs-img rs-lazyload\" data-lazyload=\"\/\/gearmania.ma\/wp-content\/uploads\/2017\/09\/bg.jpg\" data-no-retina>\n<!--\n\t\t\t\t\t\t\t--><rs-layer\n\t\t\t\t\t\t\t\tid=\"slider-15-slide-43-layer-5\" \n\t\t\t\t\t\t\t\tdata-type=\"image\"\n\t\t\t\t\t\t\t\tdata-rsp_ch=\"on\"\n\t\t\t\t\t\t\t\tdata-xy=\"xo:881px,756px,471px,264px;yo:32px,33px,36px,91px;\"\n\t\t\t\t\t\t\t\tdata-text=\"l:22;a:inherit;\"\n\t\t\t\t\t\t\t\tdata-dim=\"w:455px,269px,269px,203px;h:455px,308px,308px,232px;\"\n\t\t\t\t\t\t\t\tdata-frame_0=\"x:100%;o:1;\"\n\t\t\t\t\t\t\t\tdata-frame_0_mask=\"u:t;\"\n\t\t\t\t\t\t\t\tdata-frame_1=\"sp:1100;sR:10;\"\n\t\t\t\t\t\t\t\tdata-frame_1_mask=\"u:t;\"\n\t\t\t\t\t\t\t\tdata-frame_999=\"o:0;st:w;sR:7890;\"\n\t\t\t\t\t\t\t\tstyle=\"z-index:5;\"\n\t\t\t\t\t\t\t><img decoding=\"async\" src=\"\/\/gearmania.ma\/wp-content\/plugins\/revslider\/public\/assets\/assets\/dummy.png\" alt=\"\" class=\"tp-rs-img rs-lazyload\" width=\"455\" height=\"455\" data-lazyload=\"\/\/gearmania.ma\/wp-content\/uploads\/2023\/06\/hp-elitebook-x360-1030-g2-core-i5-7300u-up-to-35-ghz-8-go-256-go-ssd-nvme-tactile.png\" data-no-retina> \n\t\t\t\t\t\t\t<\/rs-layer><!--\n\n\t\t\t\t\t\t\t--><rs-layer\n\t\t\t\t\t\t\t\tid=\"slider-15-slide-43-layer-8\" \n\t\t\t\t\t\t\t\tdata-type=\"text\"\n\t\t\t\t\t\t\t\tdata-color=\"#444444\"\n\t\t\t\t\t\t\t\tdata-rsp_ch=\"on\"\n\t\t\t\t\t\t\t\tdata-xy=\"xo:388px,384px,60px,33px;yo:90px,53px,63px,68px;\"\n\t\t\t\t\t\t\t\tdata-text=\"w:normal;s:45,35,35,25;l:50,40,40,30;a:inherit;\"\n\t\t\t\t\t\t\t\tdata-dim=\"w:465px,349px,349px,253px;h:auto,121px,121px,122px;\"\n\t\t\t\t\t\t\t\tdata-frame_0=\"x:-175%;o:1;\"\n\t\t\t\t\t\t\t\tdata-frame_0_mask=\"u:t;x:100%;\"\n\t\t\t\t\t\t\t\tdata-frame_1=\"e:power3.out;st:700;sp:1320;sR:700;\"\n\t\t\t\t\t\t\t\tdata-frame_1_mask=\"u:t;\"\n\t\t\t\t\t\t\t\tdata-frame_999=\"o:0;st:w;sR:6980;\"\n\t\t\t\t\t\t\t\tstyle=\"z-index:6;font-family:'Open Sans';\"\n\t\t\t\t\t\t\t>DES PC PORTEBLES PERFORMANT ET GARANTIS \n\t\t\t\t\t\t\t<\/rs-layer><!--\n\n\t\t\t\t\t\t\t--><rs-layer\n\t\t\t\t\t\t\t\tid=\"slider-15-slide-43-layer-9\" \n\t\t\t\t\t\t\t\tdata-type=\"text\"\n\t\t\t\t\t\t\t\tdata-color=\"#2d2d2d\"\n\t\t\t\t\t\t\t\tdata-rsp_ch=\"on\"\n\t\t\t\t\t\t\t\tdata-xy=\"xo:393px,383px,62px,33px;yo:274px,200px,204px,188px;\"\n\t\t\t\t\t\t\t\tdata-text=\"l:22;a:inherit;\"\n\t\t\t\t\t\t\t\tdata-frame_0=\"y:-50px;\"\n\t\t\t\t\t\t\t\tdata-frame_1=\"st:1300;sp:980;sR:1300;\"\n\t\t\t\t\t\t\t\tdata-frame_999=\"o:0;st:w;sR:6720;\"\n\t\t\t\t\t\t\t\tstyle=\"z-index:7;font-family:'Open Sans';\"\n\t\t\t\t\t\t\t>A PARTIR \n\t\t\t\t\t\t\t<\/rs-layer><!--\n\n\t\t\t\t\t\t\t--><rs-layer\n\t\t\t\t\t\t\t\tid=\"slider-15-slide-43-layer-10\" \n\t\t\t\t\t\t\t\tdata-type=\"text\"\n\t\t\t\t\t\t\t\tdata-color=\"#282828\"\n\t\t\t\t\t\t\t\tdata-rsp_ch=\"on\"\n\t\t\t\t\t\t\t\tdata-xy=\"xo:390px,383px,58px,28px;yo:298px,223px,225px,217px;\"\n\t\t\t\t\t\t\t\tdata-text=\"s:60;l:60;fw:700;a:inherit;\"\n\t\t\t\t\t\t\t\tdata-frame_0=\"y:-50px;\"\n\t\t\t\t\t\t\t\tdata-frame_1=\"st:1930;sp:1110;sR:1930;\"\n\t\t\t\t\t\t\t\tdata-frame_999=\"o:0;st:w;sR:5960;\"\n\t\t\t\t\t\t\t\tstyle=\"z-index:8;font-family:'Open Sans';\"\n\t\t\t\t\t\t\t>2000 MAD \n\t\t\t\t\t\t\t<\/rs-layer><!--\n\n\t\t\t\t\t\t\t--><rs-layer\n\t\t\t\t\t\t\t\tid=\"slider-15-slide-43-layer-11\" \n\t\t\t\t\t\t\t\tclass=\"rev-btn\"\n\t\t\t\t\t\t\t\tdata-type=\"button\"\n\t\t\t\t\t\t\t\tdata-color=\"rgba(255,255,255,1)\"\n\t\t\t\t\t\t\t\tdata-xy=\"xo:392px,380px,58px,28px;yo:387px,302px,306px,291px;\"\n\t\t\t\t\t\t\t\tdata-text=\"s:17;l:17;fw:500;a:inherit;\"\n\t\t\t\t\t\t\t\tdata-rsp_bd=\"off\"\n\t\t\t\t\t\t\t\tdata-padding=\"t:12;r:35;b:12;l:35;\"\n\t\t\t\t\t\t\t\tdata-frame_0=\"x:50px;\"\n\t\t\t\t\t\t\t\tdata-frame_1=\"st:2600;sp:1300;sR:2600;\"\n\t\t\t\t\t\t\t\tdata-frame_999=\"o:0;st:w;sR:5100;\"\n\t\t\t\t\t\t\t\tdata-frame_hover=\"bgc:#53bbdb;boc:#000;bor:0px,0px,0px,0px;bos:solid;oX:50;oY:50;sp:0;e:none;\"\n\t\t\t\t\t\t\t\tstyle=\"z-index:9;background-color:#0070bb;font-family:'Roboto';cursor:pointer;outline:none;box-shadow:none;box-sizing:border-box;-moz-box-sizing:border-box;-webkit-box-sizing:border-box;\"\n\t\t\t\t\t\t\t>ACHETER \n\t\t\t\t\t\t\t<\/rs-layer><!--\n-->\t\t\t\t\t\t<\/rs-slide>\n\t\t\t\t\t\t<rs-slide style=\"position: absolute;\" data-key=\"rs-44\" data-title=\"Slide\" data-thumb=\"\/\/gearmania.ma\/wp-content\/uploads\/2017\/09\/bg-100x50.jpg\" data-in=\"o:0;\" data-out=\"a:false;\">\n\t\t\t\t\t\t\t<img decoding=\"async\" src=\"\/\/gearmania.ma\/wp-content\/plugins\/revslider\/public\/assets\/assets\/dummy.png\" alt=\"\" title=\"Accueil\" class=\"rev-slidebg tp-rs-img rs-lazyload\" data-lazyload=\"\/\/gearmania.ma\/wp-content\/uploads\/2017\/09\/bg.jpg\" data-no-retina>\n<!--\n\t\t\t\t\t\t\t--><rs-layer\n\t\t\t\t\t\t\t\tid=\"slider-15-slide-44-layer-5\" \n\t\t\t\t\t\t\t\tdata-type=\"image\"\n\t\t\t\t\t\t\t\tdata-rsp_ch=\"on\"\n\t\t\t\t\t\t\t\tdata-xy=\"xo:870px,725px,412px,264px;yo:46px,34px,24px,91px;\"\n\t\t\t\t\t\t\t\tdata-text=\"l:22;a:inherit;\"\n\t\t\t\t\t\t\t\tdata-dim=\"w:400px,296px,320px,203px;h:294px,339px,366px,232px;\"\n\t\t\t\t\t\t\t\tdata-frame_0=\"x:100%;o:1;\"\n\t\t\t\t\t\t\t\tdata-frame_0_mask=\"u:t;\"\n\t\t\t\t\t\t\t\tdata-frame_1=\"st:360;sp:1100;sR:360;\"\n\t\t\t\t\t\t\t\tdata-frame_1_mask=\"u:t;\"\n\t\t\t\t\t\t\t\tdata-frame_999=\"o:0;st:w;sR:7540;\"\n\t\t\t\t\t\t\t\tstyle=\"z-index:5;\"\n\t\t\t\t\t\t\t><img decoding=\"async\" src=\"\/\/gearmania.ma\/wp-content\/plugins\/revslider\/public\/assets\/assets\/dummy.png\" alt=\"\" class=\"tp-rs-img rs-lazyload\" width=\"527\" height=\"388\" data-lazyload=\"\/\/gearmania.ma\/wp-content\/uploads\/2023\/06\/22925-productpicture-lores-en-l3110_hero.png\" data-no-retina> \n\t\t\t\t\t\t\t<\/rs-layer><!--\n\n\t\t\t\t\t\t\t--><rs-layer\n\t\t\t\t\t\t\t\tid=\"slider-15-slide-44-layer-8\" \n\t\t\t\t\t\t\t\tdata-type=\"text\"\n\t\t\t\t\t\t\t\tdata-color=\"#444444\"\n\t\t\t\t\t\t\t\tdata-rsp_ch=\"on\"\n\t\t\t\t\t\t\t\tdata-xy=\"xo:385px,384px,56px,26px;yo:115px,86px,80px,113px;\"\n\t\t\t\t\t\t\t\tdata-text=\"w:normal;s:45,35,35,25;l:50,40,40,30;a:inherit;\"\n\t\t\t\t\t\t\t\tdata-dim=\"w:465px,349px,349px,254px;h:auto,121px,121px,auto;\"\n\t\t\t\t\t\t\t\tdata-frame_0=\"x:-175%;o:1;\"\n\t\t\t\t\t\t\t\tdata-frame_0_mask=\"u:t;x:100%;\"\n\t\t\t\t\t\t\t\tdata-frame_1=\"e:power3.out;st:700;sp:1320;sR:700;\"\n\t\t\t\t\t\t\t\tdata-frame_1_mask=\"u:t;\"\n\t\t\t\t\t\t\t\tdata-frame_999=\"o:0;st:w;sR:6980;\"\n\t\t\t\t\t\t\t\tstyle=\"z-index:6;font-family:'Open Sans';\"\n\t\t\t\t\t\t\t>DES IMPRIMANTES COULEURS DE HAUTE QUALITE \n\t\t\t\t\t\t\t<\/rs-layer><!--\n\n\t\t\t\t\t\t\t--><rs-layer\n\t\t\t\t\t\t\t\tid=\"slider-15-slide-44-layer-9\" \n\t\t\t\t\t\t\t\tdata-type=\"text\"\n\t\t\t\t\t\t\t\tdata-color=\"#2d2d2d\"\n\t\t\t\t\t\t\t\tdata-rsp_ch=\"on\"\n\t\t\t\t\t\t\t\tdata-xy=\"xo:388px,388px,57px,29px;yo:75px,53px,47px,81px;\"\n\t\t\t\t\t\t\t\tdata-text=\"l:22;a:inherit;\"\n\t\t\t\t\t\t\t\tdata-frame_0=\"y:-50px;\"\n\t\t\t\t\t\t\t\tdata-frame_1=\"st:1300;sp:980;sR:1300;\"\n\t\t\t\t\t\t\t\tdata-frame_999=\"o:0;st:w;sR:6720;\"\n\t\t\t\t\t\t\t\tstyle=\"z-index:7;font-family:'Open Sans';\"\n\t\t\t\t\t\t\t>GEARMANIA \n\t\t\t\t\t\t\t<\/rs-layer><!--\n\n\t\t\t\t\t\t\t--><rs-layer\n\t\t\t\t\t\t\t\tid=\"slider-15-slide-44-layer-10\" \n\t\t\t\t\t\t\t\tdata-type=\"text\"\n\t\t\t\t\t\t\t\tdata-color=\"#282828\"\n\t\t\t\t\t\t\t\tdata-rsp_ch=\"on\"\n\t\t\t\t\t\t\t\tdata-xy=\"xo:385px,383px,58px,28px;yo:292px,223px,220px,212px;\"\n\t\t\t\t\t\t\t\tdata-text=\"s:60;l:60;fw:700;a:inherit;\"\n\t\t\t\t\t\t\t\tdata-frame_0=\"y:-50px;\"\n\t\t\t\t\t\t\t\tdata-frame_1=\"st:1930;sp:1110;sR:1930;\"\n\t\t\t\t\t\t\t\tdata-frame_999=\"o:0;st:w;sR:5960;\"\n\t\t\t\t\t\t\t\tstyle=\"z-index:8;font-family:'Open Sans';\"\n\t\t\t\t\t\t\t>REMISE 10% \n\t\t\t\t\t\t\t<\/rs-layer><!--\n\n\t\t\t\t\t\t\t--><rs-layer\n\t\t\t\t\t\t\t\tid=\"slider-15-slide-44-layer-11\" \n\t\t\t\t\t\t\t\tclass=\"rev-btn\"\n\t\t\t\t\t\t\t\tdata-type=\"button\"\n\t\t\t\t\t\t\t\tdata-color=\"rgba(255,255,255,1)\"\n\t\t\t\t\t\t\t\tdata-xy=\"xo:387px,380px,58px,28px;yo:387px,302px,306px,291px;\"\n\t\t\t\t\t\t\t\tdata-text=\"s:17;l:17;fw:500;a:inherit;\"\n\t\t\t\t\t\t\t\tdata-rsp_bd=\"off\"\n\t\t\t\t\t\t\t\tdata-padding=\"t:12;r:35;b:12;l:35;\"\n\t\t\t\t\t\t\t\tdata-frame_0=\"x:50px;\"\n\t\t\t\t\t\t\t\tdata-frame_1=\"st:2600;sp:1300;sR:2600;\"\n\t\t\t\t\t\t\t\tdata-frame_999=\"o:0;st:w;sR:5100;\"\n\t\t\t\t\t\t\t\tdata-frame_hover=\"bgc:#53bbdb;boc:#000;bor:0px,0px,0px,0px;bos:solid;oX:50;oY:50;sp:0;e:none;\"\n\t\t\t\t\t\t\t\tstyle=\"z-index:9;background-color:rgba(86,207,225,0.75);font-family:'Roboto';cursor:pointer;outline:none;box-shadow:none;box-sizing:border-box;-moz-box-sizing:border-box;-webkit-box-sizing:border-box;\"\n\t\t\t\t\t\t\t>ACHETER \n\t\t\t\t\t\t\t<\/rs-layer><!--\n-->\t\t\t\t\t\t<\/rs-slide>\n\t\t\t\t\t\t<rs-slide style=\"position: absolute;\" data-key=\"rs-45\" data-title=\"Slide\" data-thumb=\"\/\/gearmania.ma\/wp-content\/uploads\/2017\/09\/bg-100x50.jpg\" data-in=\"o:0;\" data-out=\"a:false;\">\n\t\t\t\t\t\t\t<img decoding=\"async\" src=\"\/\/gearmania.ma\/wp-content\/plugins\/revslider\/public\/assets\/assets\/dummy.png\" alt=\"\" title=\"Accueil\" class=\"rev-slidebg tp-rs-img rs-lazyload\" data-lazyload=\"\/\/gearmania.ma\/wp-content\/uploads\/2017\/09\/bg.jpg\" data-no-retina>\n<!--\n\t\t\t\t\t\t\t--><rs-layer\n\t\t\t\t\t\t\t\tid=\"slider-15-slide-45-layer-5\" \n\t\t\t\t\t\t\t\tdata-type=\"image\"\n\t\t\t\t\t\t\t\tdata-rsp_ch=\"on\"\n\t\t\t\t\t\t\t\tdata-xy=\"xo:873px,719px,412px,264px;yo:21px,32px,24px,91px;\"\n\t\t\t\t\t\t\t\tdata-text=\"l:22;a:inherit;\"\n\t\t\t\t\t\t\t\tdata-dim=\"w:400px,296px,320px,203px;h:400px,339px,366px,232px;\"\n\t\t\t\t\t\t\t\tdata-frame_0=\"x:100%;o:1;\"\n\t\t\t\t\t\t\t\tdata-frame_0_mask=\"u:t;\"\n\t\t\t\t\t\t\t\tdata-frame_1=\"st:360;sp:1100;sR:360;\"\n\t\t\t\t\t\t\t\tdata-frame_1_mask=\"u:t;\"\n\t\t\t\t\t\t\t\tdata-frame_999=\"o:0;st:w;sR:7540;\"\n\t\t\t\t\t\t\t\tstyle=\"z-index:5;\"\n\t\t\t\t\t\t\t><img decoding=\"async\" src=\"\/\/gearmania.ma\/wp-content\/plugins\/revslider\/public\/assets\/assets\/dummy.png\" alt=\"\" class=\"tp-rs-img rs-lazyload\" width=\"400\" height=\"400\" data-lazyload=\"\/\/gearmania.ma\/wp-content\/uploads\/2023\/06\/hub-usb-c-adaptateur-multiport-10-en-1-vers-hdmi-e.png\" data-no-retina> \n\t\t\t\t\t\t\t<\/rs-layer><!--\n\n\t\t\t\t\t\t\t--><rs-layer\n\t\t\t\t\t\t\t\tid=\"slider-15-slide-45-layer-8\" \n\t\t\t\t\t\t\t\tdata-type=\"text\"\n\t\t\t\t\t\t\t\tdata-color=\"#444444\"\n\t\t\t\t\t\t\t\tdata-rsp_ch=\"on\"\n\t\t\t\t\t\t\t\tdata-xy=\"xo:384px,381px,56px,26px;yo:115px,78px,80px,113px;\"\n\t\t\t\t\t\t\t\tdata-text=\"w:normal;s:45,35,35,25;l:50,40,40,30;a:inherit;\"\n\t\t\t\t\t\t\t\tdata-dim=\"w:465px,349px,349px,254px;h:auto,121px,121px,auto;\"\n\t\t\t\t\t\t\t\tdata-frame_0=\"x:-175%;o:1;\"\n\t\t\t\t\t\t\t\tdata-frame_0_mask=\"u:t;x:100%;\"\n\t\t\t\t\t\t\t\tdata-frame_1=\"e:power3.out;st:700;sp:1320;sR:700;\"\n\t\t\t\t\t\t\t\tdata-frame_1_mask=\"u:t;\"\n\t\t\t\t\t\t\t\tdata-frame_999=\"o:0;st:w;sR:6980;\"\n\t\t\t\t\t\t\t\tstyle=\"z-index:6;font-family:'Open Sans';\"\n\t\t\t\t\t\t\t>TOUS TYPES D'ADAPTATEURS CHEZ NOUS \n\t\t\t\t\t\t\t<\/rs-layer><!--\n\n\t\t\t\t\t\t\t--><rs-layer\n\t\t\t\t\t\t\t\tid=\"slider-15-slide-45-layer-9\" \n\t\t\t\t\t\t\t\tdata-type=\"text\"\n\t\t\t\t\t\t\t\tdata-color=\"#2d2d2d\"\n\t\t\t\t\t\t\t\tdata-rsp_ch=\"on\"\n\t\t\t\t\t\t\t\tdata-xy=\"xo:387px,385px,60px,27px;yo:75px,40px,47px,81px;\"\n\t\t\t\t\t\t\t\tdata-text=\"l:22;a:inherit;\"\n\t\t\t\t\t\t\t\tdata-frame_0=\"y:-50px;\"\n\t\t\t\t\t\t\t\tdata-frame_1=\"st:1300;sp:980;sR:1300;\"\n\t\t\t\t\t\t\t\tdata-frame_999=\"o:0;st:w;sR:6720;\"\n\t\t\t\t\t\t\t\tstyle=\"z-index:7;font-family:'Open Sans';\"\n\t\t\t\t\t\t\t>GEARMANIA \n\t\t\t\t\t\t\t<\/rs-layer><!--\n\n\t\t\t\t\t\t\t--><rs-layer\n\t\t\t\t\t\t\t\tid=\"slider-15-slide-45-layer-10\" \n\t\t\t\t\t\t\t\tdata-type=\"text\"\n\t\t\t\t\t\t\t\tdata-color=\"#282828\"\n\t\t\t\t\t\t\t\tdata-rsp_ch=\"on\"\n\t\t\t\t\t\t\t\tdata-xy=\"xo:381px,384px,58px,25px;yo:292px,221px,220px,211px;\"\n\t\t\t\t\t\t\t\tdata-text=\"s:60;l:60;fw:700;a:inherit;\"\n\t\t\t\t\t\t\t\tdata-frame_0=\"y:-50px;\"\n\t\t\t\t\t\t\t\tdata-frame_1=\"st:1930;sp:1110;sR:1930;\"\n\t\t\t\t\t\t\t\tdata-frame_999=\"o:0;st:w;sR:5960;\"\n\t\t\t\t\t\t\t\tstyle=\"z-index:8;font-family:'Open Sans';\"\n\t\t\t\t\t\t\t>50 MAD \n\t\t\t\t\t\t\t<\/rs-layer><!--\n\n\t\t\t\t\t\t\t--><rs-layer\n\t\t\t\t\t\t\t\tid=\"slider-15-slide-45-layer-11\" \n\t\t\t\t\t\t\t\tclass=\"rev-btn\"\n\t\t\t\t\t\t\t\tdata-type=\"button\"\n\t\t\t\t\t\t\t\tdata-color=\"rgba(255,255,255,1)\"\n\t\t\t\t\t\t\t\tdata-xy=\"xo:384px,380px,58px,28px;yo:387px,302px,306px,291px;\"\n\t\t\t\t\t\t\t\tdata-text=\"s:17;l:17;fw:500;a:inherit;\"\n\t\t\t\t\t\t\t\tdata-rsp_bd=\"off\"\n\t\t\t\t\t\t\t\tdata-padding=\"t:12;r:35;b:12;l:35;\"\n\t\t\t\t\t\t\t\tdata-frame_0=\"x:50px;\"\n\t\t\t\t\t\t\t\tdata-frame_1=\"st:2600;sp:1300;sR:2600;\"\n\t\t\t\t\t\t\t\tdata-frame_999=\"o:0;st:w;sR:5100;\"\n\t\t\t\t\t\t\t\tdata-frame_hover=\"bgc:#53bbdb;boc:#000;bor:0px,0px,0px,0px;bos:solid;oX:50;oY:50;sp:0;e:none;\"\n\t\t\t\t\t\t\t\tstyle=\"z-index:9;background-color:rgba(86,207,225,0.75);font-family:'Roboto';cursor:pointer;outline:none;box-shadow:none;box-sizing:border-box;-moz-box-sizing:border-box;-webkit-box-sizing:border-box;\"\n\t\t\t\t\t\t\t>ACHETER \n\t\t\t\t\t\t\t<\/rs-layer><!--\n-->\t\t\t\t\t\t<\/rs-slide>\n\t\t\t\t\t<\/rs-slides>\n\t\t\t\t<\/rs-module>\n\t\t\t\t<script>\n\t\t\t\t\tsetREVStartSize({c: 'rev_slider_15_1',rl:[1240,1024,778,480],el:[500,400,400,400],gw:[1340,1024,778,480],gh:[500,400,400,400],type:'standard',justify:'',layout:'fullwidth',mh:\"0\"});if (window.RS_MODULES!==undefined && window.RS_MODULES.modules!==undefined && window.RS_MODULES.modules[\"revslider151\"]!==undefined) {window.RS_MODULES.modules[\"revslider151\"].once = false;window.revapi15 = undefined;if (window.RS_MODULES.checkMinimal!==undefined) window.RS_MODULES.checkMinimal()}\n\t\t\t\t<\/script>\n\t\t\t<\/rs-module-wrap>\n\t\t\t<!-- END REVOLUTION SLIDER -->\n[\/vc_column][\/vc_row][vc_row][vc_column width=&#8221;1\/12&#8243;][\/vc_column][vc_column width=&#8221;5\/6&#8243;][vc_row_inner][vc_column_inner width=&#8221;1\/3&#8243;][pikoworks_icon_block icon_type=&#8221;stroke&#8221; style=&#8221;1&#8243; block_title=&#8221;LIVRAISON GRATUITE&#8221; block_desc=&#8221;Livraison gratuite sur toute commande locale sup\u00e9rieure \u00e0 500 MAD&#8221; icon_stroke=&#8221;pe-7s-car&#8221;][\/vc_column_inner][vc_column_inner width=&#8221;1\/3&#8243;][pikoworks_icon_block icon_type=&#8221;stroke&#8221; style=&#8221;1&#8243; block_title=&#8221;SUPPORT 24\/7&#8243; block_desc=&#8221;Notre \u00e9quipe d&#8217;assistance tr\u00e8s r\u00e9active et pr\u00eate \u00e0 intervenir 7 jours sur 7&#8243; icon_stroke=&#8221;pe-7s-help2&#8243;][\/vc_column_inner][vc_column_inner width=&#8221;1\/3&#8243;][pikoworks_icon_block icon_type=&#8221;stroke&#8221; style=&#8221;1&#8243; block_title=&#8221;PAIEMENT A LA LIVRAISON&#8221; block_desc=&#8221;Nous assurons un paiement 100% s\u00e9curis\u00e9 \u00e1 livraison&#8221; icon_stroke=&#8221;pe-7s-cash&#8221;][\/vc_column_inner][\/vc_row_inner][\/vc_column][vc_column width=&#8221;1\/12&#8243;][\/vc_column][\/vc_row][vc_row css=&#8221;.vc_custom_1504762512674{margin-top: 40px !important;margin-bottom: 40px !important;}&#8221;][vc_column][vc_custom_heading divider=&#8221;hline&#8221; text=&#8221;Nouvelle collection&#8221; font_container=&#8221;tag:h3|text_align:center&#8221; use_theme_fonts=&#8221;yes&#8221; sub_title=&#8221;R\u00e9cemment ajout\u00e9 notre boutique&#8221; css=&#8221;.vc_custom_1685960420603{margin-bottom: 30px !important;}&#8221;][tabs_product taxonomy=&#8221;nouveaute&#8221; header_layout=&#8221;0&#8243; product_layout=&#8221;3&#8243; product_img=&#8221;rollover&#8221; new_product_title=&#8221;&#8221; popular_product=&#8221;&#8221; featured_product=&#8221;&#8221; onsale_product=&#8221;&#8221;][\/vc_column][\/vc_row][vc_row][vc_column width=&#8221;1\/2&#8243;][vc_custom_heading type=&#8221;custom_banner&#8221; title_position=&#8221;left-center&#8221; title_font_size=&#8221;fs30&#8243; text=&#8221;Nos prix sont<br \/>\nimbattable&#8221; use_theme_fonts=&#8221;yes&#8221; css_animation=&#8221;none&#8221; css=&#8221;.vc_custom_1685973101422{margin-bottom: 30px !important;}&#8221; image=&#8221;12537&#8243; link=&#8221;url:%23|title:Acheter&#8221; sub_font_size=&#8221;20&#8243; sub_font_weight=&#8221;600&#8243; sub_title=&#8221;A partir de 250MAD&#8221; sub_font_color=&#8221;#212121&#8243;][\/vc_column][vc_column width=&#8221;1\/2&#8243;][vc_custom_heading type=&#8221;custom_banner&#8221; title_position=&#8221;right-center&#8221; title_font_size=&#8221;fs30&#8243; text=&#8221;Tout Types<br \/>\nde Toner&#8221; font_container=&#8221;tag:h2|text_align:right&#8221; use_theme_fonts=&#8221;yes&#8221; css_animation=&#8221;none&#8221; css=&#8221;.vc_custom_1685973348306{margin-bottom: 30px !important;}&#8221; image=&#8221;12538&#8243; link=&#8221;title:Acheter&#8221; sub_font_size=&#8221;20&#8243; sub_font_weight=&#8221;600&#8243; sub_title=&#8221;A partir 190MAD&#8221; sub_font_color=&#8221;#212121&#8243;][\/vc_column][\/vc_row][vc_row el_class=&#8221;push-col&#8221; css=&#8221;.vc_custom_1504834991832{margin-bottom: 30px !important;}&#8221;][vc_column][vc_custom_heading divider=&#8221;hline&#8221; text=&#8221;Produit en vedette&#8221; font_container=&#8221;tag:h3|text_align:center&#8221; use_theme_fonts=&#8221;yes&#8221; sub_title=&#8221;Produit pr\u00e9sent\u00e9 dans notre magasin&#8221; css=&#8221;.vc_custom_1685960561047{margin-top: 30px !important;margin-bottom: 30px !important;}&#8221;][tabs_product taxonomy=&#8221;en-vedette&#8221; header_layout=&#8221;0&#8243; product_layout=&#8221;3&#8243; product_img=&#8221;rollover&#8221; new_product=&#8221;&#8221; popular_product=&#8221;&#8221; onsale_product=&#8221;&#8221;][\/vc_column][\/vc_row][vc_row full_width=&#8221;stretch_row_content_no_spaces&#8221; el_class=&#8221;remove-footer-spacing&#8221;][vc_column][pikoworks_newsletter subscribe_text=&#8221;&#8221; subscribe_form_title=&#8221;Rester avec nous!&#8221; subscribe_short_desc=&#8221;Abonnez-vous et obtenez 10% de r\u00e9duction sur vos trois premi\u00e8res commandes.&#8221; mc_shortcode=&#8221;`{`contact-form-7 id=&#8220;4439&#8220; title=&#8220;Subscribe Form&#8220;`}`&#8221; subscribe_img_id=&#8221;5779&#8243;][\/vc_column][\/vc_row]<\/p>\n<\/section>","protected":false},"excerpt":{"rendered":"<p>[vc_row el_class=&#8221;remove-header-padding&#8221; css=&#8221;.vc_custom_1686062862095{margin-bottom: 50px !important;}&#8221;][vc_column][\/vc_column][\/vc_row][vc_row][vc_column width=&#8221;1\/12&#8243;][\/vc_column][vc_column width=&#8221;5\/6&#8243;][vc_row_inner][vc_column_inner width=&#8221;1\/3&#8243;][pikoworks_icon_block icon_type=&#8221;stroke&#8221; style=&#8221;1&#8243; block_title=&#8221;LIVRAISON GRATUITE&#8221; block_desc=&#8221;Livraison gratuite sur toute commande locale sup\u00e9rieure \u00e0 500 MAD&#8221; icon_stroke=&#8221;pe-7s-car&#8221;][\/vc_column_inner][vc_column_inner width=&#8221;1\/3&#8243;][pikoworks_icon_block icon_type=&#8221;stroke&#8221; style=&#8221;1&#8243; block_title=&#8221;SUPPORT 24\/7&#8243; block_desc=&#8221;Notre \u00e9quipe d&#8217;assistance tr\u00e8s r\u00e9active et pr\u00eate \u00e0 intervenir 7 jours sur 7&#8243; icon_stroke=&#8221;pe-7s-help2&#8243;][\/vc_column_inner][vc_column_inner width=&#8221;1\/3&#8243;][pikoworks_icon_block icon_type=&#8221;stroke&#8221; style=&#8221;1&#8243; block_title=&#8221;PAIEMENT A LA LIVRAISON&#8221; block_desc=&#8221;Nous assurons un paiement 100% s\u00e9curis\u00e9<a href=\"https:\/\/gearmania.ma\/\" class=\"more-link\">Read More<\/a><\/p>\n","protected":false},"author":1,"featured_media":0,"parent":0,"menu_order":0,"comment_status":"closed","ping_status":"closed","template":"","meta":{"footnotes":""},"class_list":["post-23","page","type-page","status-publish","hentry"],"_links":{"self":[{"href":"https:\/\/gearmania.ma\/index.php?rest_route=\/wp\/v2\/pages\/23","targetHints":{"allow":["GET"]}}],"collection":[{"href":"https:\/\/gearmania.ma\/index.php?rest_route=\/wp\/v2\/pages"}],"about":[{"href":"https:\/\/gearmania.ma\/index.php?rest_route=\/wp\/v2\/types\/page"}],"author":[{"embeddable":true,"href":"https:\/\/gearmania.ma\/index.php?rest_route=\/wp\/v2\/users\/1"}],"replies":[{"embeddable":true,"href":"https:\/\/gearmania.ma\/index.php?rest_route=%2Fwp%2Fv2%2Fcomments&post=23"}],"version-history":[{"count":12,"href":"https:\/\/gearmania.ma\/index.php?rest_route=\/wp\/v2\/pages\/23\/revisions"}],"predecessor-version":[{"id":12572,"href":"https:\/\/gearmania.ma\/index.php?rest_route=\/wp\/v2\/pages\/23\/revisions\/12572"}],"wp:attachment":[{"href":"https:\/\/gearmania.ma\/index.php?rest_route=%2Fwp%2Fv2%2Fmedia&parent=23"}],"curies":[{"name":"wp","href":"https:\/\/api.w.org\/{rel}","templated":true}]}}